{"id":51,"date":"2025-10-25T12:14:23","date_gmt":"2025-10-25T12:14:23","guid":{"rendered":"https:\/\/hdiglobal.vn\/?page_id=51"},"modified":"2025-10-26T07:56:01","modified_gmt":"2025-10-26T07:56:01","slug":"cong-nghe-cao-cho-giai-phap-dot-pha-va-phat-trien-ben-vung","status":"publish","type":"page","link":"https:\/\/hdiglobal.vn\/","title":{"rendered":"\u201cC\u00f4ng ngh\u1ec7 cao cho gi\u1ea3i ph\u00e1p \u0111\u1ed9t ph\u00e1 v\u00e0 ph\u00e1t tri\u1ec3n b\u1ec1n v\u1eefng\u201d"},"content":{"rendered":"\n<div class=\"wp-block-group alignfull has-global-padding is-layout-constrained wp-container-core-group-is-layout-0c9c989a wp-block-group-is-layout-constrained\" style=\"min-height:0vh;margin-top:0;margin-bottom:0;padding-top:var(--wp--preset--spacing--70);padding-right:var(--wp--preset--spacing--40);padding-bottom:var(--wp--preset--spacing--70);padding-left:var(--wp--preset--spacing--40)\">\n<div class=\"wp-block-group has-global-padding is-layout-constrained wp-container-core-group-is-layout-346627ba wp-block-group-is-layout-constrained\">\n<p class=\"has-text-align-center\">\u201cHDI \u0111\u01b0\u1ee3c th\u00e0nh l\u1eadp v\u00e0o n\u0103m 2025 b\u1edfi nh\u00f3m c\u00e1c k\u1ef9 s\u01b0 \u0111am m\u00ea c\u00f4ng ngh\u1ec7 v\u1edbi m\u1ee5c ti\u00eau \u0111\u01b0a c\u00e1c gi\u1ea3i ph\u00e1p c\u00f4ng ngh\u1ec7 cao ti\u00ean ti\u1ebfn \u0111\u1ebfn g\u1ea7n h\u01a1n v\u1edbi doanh nghi\u1ec7p Vi\u1ec7t Nam. Ch\u00fang t\u00f4i cam k\u1ebft mang \u0111\u1ebfn nh\u1eefng gi\u1ea3i ph\u00e1p \u0111\u1ed5i m\u1edbi s\u00e1ng t\u1ea1o, gi\u00fap kh\u00e1ch h\u00e0ng t\u1ed1i \u01b0u h\u00f3a hi\u1ec7u su\u1ea5t v\u00e0 n\u00e2ng cao l\u1ee3i th\u1ebf c\u1ea1nh tranh tr\u00ean th\u1ecb tr\u01b0\u1eddng. V\u1edbi gi\u00e1 tr\u1ecb c\u1ed1t l\u00f5i l\u00e0 s\u1ef1 t\u1eadn t\u00e2m, s\u00e1ng t\u1ea1o v\u00e0 chuy\u00ean nghi\u1ec7p, HDI \u0111\u00e3 \u0111\u1ed3ng h\u00e0nh c\u00f9ng nhi\u1ec1u doanh nghi\u1ec7p tr\u00ean h\u00e0nh tr\u00ecnh chuy\u1ec3n \u0111\u1ed5i s\u1ed1 v\u00e0 ph\u00e1t tri\u1ec3n b\u1ec1n v\u1eefng.\u201d<\/p>\n\n\n\n<div class=\"wp-block-buttons is-content-justification-center is-layout-flex wp-container-core-buttons-is-layout-a89b3969 wp-block-buttons-is-layout-flex\">\n<div class=\"wp-block-button is-style-fill\"><a class=\"wp-block-button__link wp-element-button\">T\u00ecm hi\u1ec3u th\u00eam<\/a><\/div>\n<\/div>\n<\/div>\n<\/div>\n\n\n\n<div class=\"wp-block-group alignfull is-style-section-1 has-global-padding is-layout-constrained wp-block-group-is-layout-constrained is-style-section-1--1\" style=\"margin-top:0;margin-bottom:0;padding-top:var(--wp--preset--spacing--80);padding-bottom:var(--wp--preset--spacing--80)\">\n<div class=\"wp-block-columns alignwide is-layout-flex wp-container-core-columns-is-layout-66fad18a wp-block-columns-is-layout-flex\">\n<div class=\"wp-block-column is-layout-flow wp-block-column-is-layout-flow\" style=\"padding-right:var(--wp--preset--spacing--50);flex-basis:45%\">\n<figure class=\"wp-block-image size-full\"><img fetchpriority=\"high\" decoding=\"async\" width=\"1536\" height=\"1024\" src=\"https:\/\/hdiglobal.vn\/wp-content\/uploads\/2025\/10\/af1352951d1c9042c90d.jpg\" alt=\"\" class=\"wp-image-67\" srcset=\"https:\/\/hdiglobal.vn\/wp-content\/uploads\/2025\/10\/af1352951d1c9042c90d.jpg 1536w, https:\/\/hdiglobal.vn\/wp-content\/uploads\/2025\/10\/af1352951d1c9042c90d-300x200.jpg 300w, https:\/\/hdiglobal.vn\/wp-content\/uploads\/2025\/10\/af1352951d1c9042c90d-1024x683.jpg 1024w, https:\/\/hdiglobal.vn\/wp-content\/uploads\/2025\/10\/af1352951d1c9042c90d-768x512.jpg 768w\" sizes=\"(max-width: 1536px) 100vw, 1536px\" \/><\/figure>\n\n\n\n<figure class=\"wp-block-image alignright size-full is-resized\" style=\"margin-right:-5vw;margin-left:-5vw\"><img decoding=\"async\" width=\"768\" height=\"512\" src=\"https:\/\/hdiglobal.vn\/wp-content\/uploads\/2025\/10\/9e951b65bceb31b568fa.jpg\" alt=\"\" class=\"wp-image-69\" srcset=\"https:\/\/hdiglobal.vn\/wp-content\/uploads\/2025\/10\/9e951b65bceb31b568fa.jpg 768w, https:\/\/hdiglobal.vn\/wp-content\/uploads\/2025\/10\/9e951b65bceb31b568fa-300x200.jpg 300w\" sizes=\"(max-width: 768px) 100vw, 768px\" \/><\/figure>\n\n\n\n<div class=\"wp-block-group has-global-padding is-layout-constrained wp-block-group-is-layout-constrained\" style=\"margin-top:-12vw\"><\/div>\n<\/div>\n\n\n\n<div class=\"wp-block-column is-vertically-aligned-center is-layout-flow wp-block-column-is-layout-flow\" style=\"padding-right:0;padding-left:0;flex-basis:50%\">\n<div class=\"wp-block-group is-vertical is-layout-flex wp-container-core-group-is-layout-fe9cc265 wp-block-group-is-layout-flex\">\n<h2 class=\"wp-block-heading is-style-text-annotation is-style-text-annotation--2\">V\u1ec1 ch\u00fang t\u00f4i<\/h2>\n<\/div>\n\n\n\n<p class=\"is-style-text-subtitle is-style-text-subtitle--3\">HDI \u0111\u01b0\u1ee3c th\u00e0nh l\u1eadp v\u00e0o n\u0103m 2025 b\u1edfi m\u1ed9t nh\u00f3m c\u00e1c k\u1ef9 s\u01b0 v\u00e0 chuy\u00ean gia c\u00f4ng ngh\u1ec7 v\u1edbi ni\u1ec1m \u0111am m\u00ea s\u00e2u s\u1eafc trong vi\u1ec7c \u1ee9ng d\u1ee5ng c\u00f4ng ngh\u1ec7 cao \u0111\u1ec3 gi\u1ea3i quy\u1ebft c\u00e1c th\u00e1ch th\u1ee9c kinh doanh. T\u1eeb nh\u1eefng ng\u00e0y \u0111\u1ea7u, ch\u00fang t\u00f4i \u0111\u00e3 \u0111\u1eb7t m\u1ee5c ti\u00eau tr\u1edf th\u00e0nh \u0111\u1ed1i t\u00e1c tin c\u1eady, mang \u0111\u1ebfn c\u00e1c gi\u1ea3i ph\u00e1p c\u00f4ng ngh\u1ec7 ti\u00ean ti\u1ebfn gi\u00fap doanh nghi\u1ec7p Vi\u1ec7t Nam n\u00e2ng cao hi\u1ec7u su\u1ea5t v\u00e0 ph\u00e1t tri\u1ec3n b\u1ec1n v\u1eefng trong th\u1eddi \u0111\u1ea1i s\u1ed1. Ch\u00fang t\u00f4i tin r\u1eb1ng, c\u00f4ng ngh\u1ec7 kh\u00f4ng ch\u1ec9 l\u00e0 c\u00f4ng c\u1ee5 m\u00e0 c\u00f2n l\u00e0 ch\u00eca kh\u00f3a m\u1edf ra c\u01a1 h\u1ed9i \u0111\u1ed5i m\u1edbi v\u00e0 t\u1ea1o ra gi\u00e1 tr\u1ecb \u0111\u00edch th\u1ef1c. HDI lu\u00f4n h\u01b0\u1edbng t\u1edbi vi\u1ec7c cung c\u1ea5p c\u00e1c gi\u1ea3i ph\u00e1p s\u00e1ng t\u1ea1o, linh ho\u1ea1t v\u00e0 ph\u00f9 h\u1ee3p nh\u1ea5t v\u1edbi t\u1eebng nhu c\u1ea7u ri\u00eang bi\u1ec7t c\u1ee7a kh\u00e1ch h\u00e0ng. V\u1edbi t\u1ea7m nh\u00ecn tr\u1edf th\u00e0nh c\u00f4ng ty d\u1eabn \u0111\u1ea7u trong l\u0129nh v\u1ef1c gi\u1ea3i ph\u00e1p c\u00f4ng ngh\u1ec7 cao t\u1ea1i Vi\u1ec7t Nam, ch\u00fang t\u00f4i kh\u00f4ng ng\u1eebng nghi\u00ean c\u1ee9u v\u00e0 ph\u00e1t tri\u1ec3n \u0111\u1ec3 mang l\u1ea1i nh\u1eefng s\u1ea3n ph\u1ea9m v\u00e0 d\u1ecbch v\u1ee5 v\u01b0\u1ee3t tr\u1ed9i. \u0110\u1ed9i ng\u0169 nh\u00e2n s\u1ef1 t\u1ea1i HDI l\u00e0 nh\u1eefng chuy\u00ean gia gi\u00e0u kinh nghi\u1ec7m, lu\u00f4n cam k\u1ebft \u0111\u1ed3ng h\u00e0nh c\u00f9ng kh\u00e1ch h\u00e0ng t\u1eeb kh\u00e2u t\u01b0 v\u1ea5n, tri\u1ec3n khai \u0111\u1ebfn h\u1ed7 tr\u1ee3 k\u1ef9 thu\u1eadt. Gi\u00e1 tr\u1ecb c\u1ed1t l\u00f5i c\u1ee7a ch\u00fang t\u00f4i bao g\u1ed3m: s\u1ef1 t\u1eadn t\u00e2m, \u0111\u1ed5i m\u1edbi s\u00e1ng t\u1ea1o, ch\u00ednh tr\u1ef1c v\u00e0 t\u1eadp trung v\u00e0o kh\u00e1ch h\u00e0ng. Nh\u1eefng gi\u00e1 tr\u1ecb n\u00e0y l\u00e0 n\u1ec1n t\u1ea3ng gi\u00fap HDI x\u00e2y d\u1ef1ng \u0111\u01b0\u1ee3c ni\u1ec1m tin v\u1eefng ch\u1eafc v\u1edbi \u0111\u1ed1i t\u00e1c v\u00e0 kh\u00e1ch h\u00e0ng trong su\u1ed1t ch\u1eb7ng \u0111\u01b0\u1eddng ph\u00e1t tri\u1ec3n. Ch\u00fang t\u00f4i t\u1ef1 h\u00e0o \u0111\u00e3 \u0111\u1ed3ng h\u00e0nh c\u00f9ng nhi\u1ec1u doanh nghi\u1ec7p l\u1edbn nh\u1ecf trong h\u00e0nh tr\u00ecnh chuy\u1ec3n \u0111\u1ed5i s\u1ed1, gi\u00fap h\u1ecd n\u00e2ng cao n\u0103ng l\u1ef1c c\u1ea1nh tranh v\u00e0 khai th\u00e1c t\u1ed1i \u0111a ti\u1ec1m n\u0103ng c\u00f4ng ngh\u1ec7. HDI cam k\u1ebft ti\u1ebfp t\u1ee5c ph\u00e1t tri\u1ec3n, m\u1edf r\u1ed9ng d\u1ecbch v\u1ee5 \u0111\u1ec3 tr\u1edf th\u00e0nh ng\u01b0\u1eddi b\u1ea1n \u0111\u1ed3ng h\u00e0nh chi\u1ebfn l\u01b0\u1ee3c c\u1ee7a m\u1ecdi doanh nghi\u1ec7p trong k\u1ef7 nguy\u00ean c\u00f4ng ngh\u1ec7 4.0.<\/p>\n<\/div>\n<\/div>\n<\/div>\n\n\n\n<div class=\"wp-block-group alignfull has-global-padding is-layout-constrained wp-container-core-group-is-layout-ebee8dc1 wp-block-group-is-layout-constrained\" style=\"margin-top:0;margin-bottom:0;padding-top:var(--wp--preset--spacing--50);padding-bottom:var(--wp--preset--spacing--50)\">\n<h2 class=\"wp-block-heading alignwide\">D\u1ecbch v\u1ee5 c\u1ee7a ch\u00fang t\u00f4i<\/h2>\n\n\n\n<div class=\"wp-block-columns alignwide is-layout-flex wp-container-core-columns-is-layout-28f84493 wp-block-columns-is-layout-flex\">\n<div class=\"wp-block-column is-layout-flow wp-block-column-is-layout-flow\">\n<figure class=\"wp-block-image size-full\" style=\"margin-bottom:24px\"><img decoding=\"async\" width=\"1024\" height=\"661\" src=\"https:\/\/hdiglobal.vn\/wp-content\/uploads\/2025\/10\/0f60fdfe80770d295466.jpg\" alt=\"\" class=\"wp-image-70\" style=\"aspect-ratio:4\/3;object-fit:cover\" srcset=\"https:\/\/hdiglobal.vn\/wp-content\/uploads\/2025\/10\/0f60fdfe80770d295466.jpg 1024w, https:\/\/hdiglobal.vn\/wp-content\/uploads\/2025\/10\/0f60fdfe80770d295466-300x194.jpg 300w, https:\/\/hdiglobal.vn\/wp-content\/uploads\/2025\/10\/0f60fdfe80770d295466-768x496.jpg 768w\" sizes=\"(max-width: 1024px) 100vw, 1024px\" \/><\/figure>\n\n\n\n<h3 class=\"wp-block-heading\">D\u1ecbch v\u1ee5 T\u01b0 v\u1ea5n K\u1ef9 thu\u1eadt<\/h3>\n\n\n\n<p class=\"has-medium-font-size\">T\u1ea1i HDI, ch\u00fang t\u00f4i cung c\u1ea5p d\u1ecbch v\u1ee5 t\u01b0 v\u1ea5n k\u1ef9 thu\u1eadt chuy\u00ean s\u00e2u, gi\u00fap doanh nghi\u1ec7p x\u00e1c \u0111\u1ecbnh v\u00e0 gi\u1ea3i quy\u1ebft c\u00e1c v\u1ea5n \u0111\u1ec1 c\u00f4ng ngh\u1ec7 m\u1ed9t c\u00e1ch hi\u1ec7u qu\u1ea3 nh\u1ea5t. \u0110\u1ed9i ng\u0169 chuy\u00ean gia k\u1ef9 thu\u1eadt c\u1ee7a ch\u00fang t\u00f4i kh\u00f4ng ch\u1ec9 h\u1ed7 tr\u1ee3 b\u1ea1n trong vi\u1ec7c l\u1ef1a ch\u1ecdn gi\u1ea3i ph\u00e1p ph\u00f9 h\u1ee3p m\u00e0 c\u00f2n \u0111\u1ea3m b\u1ea3o t\u00ednh kh\u1ea3 thi v\u00e0 t\u1ed1i \u01b0u trong qu\u00e1 tr\u00ecnh tri\u1ec3n khai.<\/p>\n<\/div>\n\n\n\n<div class=\"wp-block-column is-layout-flow wp-block-column-is-layout-flow\">\n<figure class=\"wp-block-image size-full\" style=\"margin-bottom:24px\"><img loading=\"lazy\" decoding=\"async\" width=\"1536\" height=\"1024\" src=\"https:\/\/hdiglobal.vn\/wp-content\/uploads\/2025\/10\/1c91386548ecc5b29cfd.jpg\" alt=\"\" class=\"wp-image-71\" style=\"aspect-ratio:4\/3;object-fit:cover\" srcset=\"https:\/\/hdiglobal.vn\/wp-content\/uploads\/2025\/10\/1c91386548ecc5b29cfd.jpg 1536w, https:\/\/hdiglobal.vn\/wp-content\/uploads\/2025\/10\/1c91386548ecc5b29cfd-300x200.jpg 300w, https:\/\/hdiglobal.vn\/wp-content\/uploads\/2025\/10\/1c91386548ecc5b29cfd-1024x683.jpg 1024w, https:\/\/hdiglobal.vn\/wp-content\/uploads\/2025\/10\/1c91386548ecc5b29cfd-768x512.jpg 768w\" sizes=\"(max-width: 1536px) 100vw, 1536px\" \/><\/figure>\n\n\n\n<h3 class=\"wp-block-heading\">Nghi\u00ean c\u1ee9u khoa h\u1ecdc v\u00e0 ph\u00e1t tri\u1ec3n c\u00f4ng ngh\u1ec7 t\u1ea1i HDI<\/h3>\n\n\n\n<p class=\"has-medium-font-size\">HDI lu\u00f4n \u0111\u1eb7t tr\u1ecdng t\u00e2m v\u00e0o ho\u1ea1t \u0111\u1ed9ng nghi\u00ean c\u1ee9u khoa h\u1ecdc v\u00e0 ph\u00e1t tri\u1ec3n c\u00f4ng ngh\u1ec7 nh\u1eb1m th\u00fac \u0111\u1ea9y s\u1ef1 \u0111\u1ed5i m\u1edbi v\u00e0 n\u00e2ng cao n\u0103ng l\u1ef1c c\u1ea1nh tranh cho doanh nghi\u1ec7p. Ch\u00fang t\u00f4i t\u1eadp trung ph\u00e1t tri\u1ec3n c\u00e1c gi\u1ea3i ph\u00e1p c\u00f4ng ngh\u1ec7 ti\u00ean ti\u1ebfn, \u1ee9ng d\u1ee5ng c\u00e1c th\u00e0nh t\u1ef1u khoa h\u1ecdc m\u1edbi nh\u1ea5t trong l\u0129nh v\u1ef1c khoa h\u1ecdc k\u1ef9 thu\u1eadt v\u00e0 c\u00f4ng ngh\u1ec7.<\/p>\n<\/div>\n\n\n\n<div class=\"wp-block-column is-layout-flow wp-block-column-is-layout-flow\">\n<figure class=\"wp-block-image size-full\" style=\"margin-bottom:24px\"><img loading=\"lazy\" decoding=\"async\" width=\"1536\" height=\"1024\" src=\"https:\/\/hdiglobal.vn\/wp-content\/uploads\/2025\/10\/5b6dcc12a79b2ac5738a.jpg\" alt=\"\" class=\"wp-image-73\" style=\"aspect-ratio:4\/3;object-fit:cover\" srcset=\"https:\/\/hdiglobal.vn\/wp-content\/uploads\/2025\/10\/5b6dcc12a79b2ac5738a.jpg 1536w, https:\/\/hdiglobal.vn\/wp-content\/uploads\/2025\/10\/5b6dcc12a79b2ac5738a-300x200.jpg 300w, https:\/\/hdiglobal.vn\/wp-content\/uploads\/2025\/10\/5b6dcc12a79b2ac5738a-1024x683.jpg 1024w, https:\/\/hdiglobal.vn\/wp-content\/uploads\/2025\/10\/5b6dcc12a79b2ac5738a-768x512.jpg 768w\" sizes=\"(max-width: 1536px) 100vw, 1536px\" \/><\/figure>\n\n\n\n<h3 class=\"wp-block-heading\">S\u1ea3n xu\u1ea5t c\u00e1c linh ki\u1ec7n \u0111i\u1ec7n t\u1eed t\u1ea1i HDI<\/h3>\n\n\n\n<p class=\"has-medium-font-size\">HDI t\u1ef1 h\u00e0o l\u00e0 \u0111\u01a1n v\u1ecb ti\u00ean phong trong l\u0129nh v\u1ef1c s\u1ea3n xu\u1ea5t c\u00e1c linh ki\u1ec7n \u0111i\u1ec7n t\u1eed ch\u1ea5t l\u01b0\u1ee3ng cao, \u0111\u00e1p \u1ee9ng nhu c\u1ea7u ng\u00e0y c\u00e0ng \u0111a d\u1ea1ng c\u1ee7a ng\u00e0nh c\u00f4ng nghi\u1ec7p c\u00f4ng ngh\u1ec7. Ch\u00fang t\u00f4i \u00e1p d\u1ee5ng quy tr\u00ecnh s\u1ea3n xu\u1ea5t hi\u1ec7n \u0111\u1ea1i, c\u00f4ng ngh\u1ec7 t\u1ef1 \u0111\u1ed9ng h\u00f3a ti\u00ean ti\u1ebfn nh\u1eb1m \u0111\u1ea3m b\u1ea3o \u0111\u1ed9 ch\u00ednh x\u00e1c, \u0111\u1ed9 b\u1ec1n v\u00e0 hi\u1ec7u su\u1ea5t t\u1ed1i \u01b0u cho t\u1eebng s\u1ea3n ph\u1ea9m.<\/p>\n<\/div>\n<\/div>\n<\/div>\n\n\n\n<div class=\"wp-block-group alignfull has-global-padding is-layout-constrained wp-block-group-is-layout-constrained\" style=\"margin-top:0;margin-bottom:0;padding-top:var(--wp--preset--spacing--60);padding-bottom:var(--wp--preset--spacing--60)\">\n<div class=\"wp-block-columns alignwide is-layout-flex wp-container-core-columns-is-layout-74b2cda3 wp-block-columns-is-layout-flex\">\n<div class=\"wp-block-column is-layout-flow wp-block-column-is-layout-flow\">\n<div class=\"wp-block-group is-vertical is-content-justification-left is-layout-flex wp-container-core-group-is-layout-7ce391b6 wp-block-group-is-layout-flex\" style=\"min-height:100%\">\n<h2 class=\"wp-block-heading is-style-text-annotation has-x-small-font-size is-style-text-annotation--4\">M\u1ecdi ng\u01b0\u1eddi \u0111ang n\u00f3i g\u00ec<\/h2>\n\n\n\n<blockquote class=\"wp-block-quote is-style-plain has-x-large-font-size is-layout-flow wp-container-core-quote-is-layout-5dafc681 wp-block-quote-is-layout-flow is-style-plain--5\" style=\"font-style:normal;font-weight:400\">\n<div class=\"wp-block-group has-global-padding is-content-justification-left is-layout-constrained wp-container-core-group-is-layout-085bd3d9 wp-block-group-is-layout-constrained\" style=\"margin-top:0;margin-bottom:0;padding-top:0;padding-right:0;padding-bottom:0;padding-left:0\">\n<p class=\"has-xx-large-font-size\">\u201cS\u1ea3n ph\u1ea9m v\u00e0 d\u1ecbch v\u1ee5 kh\u00e1ch h\u00e0ng tuy\u1ec7t v\u1eddi!\u201d<\/p>\n<\/div>\n<cite>Jo Mulligan <br><sub>Atlanta, GA<\/sub><\/cite><\/blockquote>\n<\/div>\n<\/div>\n\n\n\n<div class=\"wp-block-column is-layout-flow wp-block-column-is-layout-flow\" style=\"padding-top:0;padding-right:0;padding-bottom:0;padding-left:0\">\n<figure class=\"wp-block-image size-large\"><img loading=\"lazy\" decoding=\"async\" width=\"1024\" height=\"683\" src=\"https:\/\/hdiglobal.vn\/wp-content\/uploads\/2025\/10\/fc9c3fba0b33866ddf22-1-1024x683.jpg\" alt=\"\" class=\"wp-image-77\" style=\"aspect-ratio:1;object-fit:cover\" srcset=\"https:\/\/hdiglobal.vn\/wp-content\/uploads\/2025\/10\/fc9c3fba0b33866ddf22-1-1024x683.jpg 1024w, https:\/\/hdiglobal.vn\/wp-content\/uploads\/2025\/10\/fc9c3fba0b33866ddf22-1-300x200.jpg 300w, https:\/\/hdiglobal.vn\/wp-content\/uploads\/2025\/10\/fc9c3fba0b33866ddf22-1-768x512.jpg 768w, https:\/\/hdiglobal.vn\/wp-content\/uploads\/2025\/10\/fc9c3fba0b33866ddf22-1.jpg 1536w\" sizes=\"(max-width: 1024px) 100vw, 1024px\" \/><\/figure>\n<\/div>\n<\/div>\n<\/div>\n","protected":false},"excerpt":{"rendered":"<p>\u201cHDI \u0111\u01b0\u1ee3c th\u00e0nh l\u1eadp v\u00e0o n\u0103m 2025 b\u1edfi nh\u00f3m c\u00e1c k\u1ef9 s\u01b0 \u0111am m\u00ea c\u00f4ng ngh\u1ec7 v\u1edbi m\u1ee5c ti\u00eau \u0111\u01b0a c\u00e1c gi\u1ea3i ph\u00e1p c\u00f4ng ngh\u1ec7 cao ti\u00ean ti\u1ebfn \u0111\u1ebfn g\u1ea7n h\u01a1n v\u1edbi doanh nghi\u1ec7p Vi\u1ec7t Nam. Ch\u00fang t\u00f4i cam k\u1ebft mang \u0111\u1ebfn nh\u1eefng gi\u1ea3i ph\u00e1p \u0111\u1ed5i m\u1edbi s\u00e1ng t\u1ea1o, gi\u00fap kh\u00e1ch h\u00e0ng t\u1ed1i \u01b0u h\u00f3a [&hellip;]<\/p>\n","protected":false},"author":1,"featured_media":72,"parent":0,"menu_order":0,"comment_status":"closed","ping_status":"closed","template":"","meta":{"footnotes":""},"class_list":["post-51","page","type-page","status-publish","has-post-thumbnail","hentry"],"_links":{"self":[{"href":"https:\/\/hdiglobal.vn\/index.php\/wp-json\/wp\/v2\/pages\/51","targetHints":{"allow":["GET"]}}],"collection":[{"href":"https:\/\/hdiglobal.vn\/index.php\/wp-json\/wp\/v2\/pages"}],"about":[{"href":"https:\/\/hdiglobal.vn\/index.php\/wp-json\/wp\/v2\/types\/page"}],"author":[{"embeddable":true,"href":"https:\/\/hdiglobal.vn\/index.php\/wp-json\/wp\/v2\/users\/1"}],"replies":[{"embeddable":true,"href":"https:\/\/hdiglobal.vn\/index.php\/wp-json\/wp\/v2\/comments?post=51"}],"version-history":[{"count":3,"href":"https:\/\/hdiglobal.vn\/index.php\/wp-json\/wp\/v2\/pages\/51\/revisions"}],"predecessor-version":[{"id":78,"href":"https:\/\/hdiglobal.vn\/index.php\/wp-json\/wp\/v2\/pages\/51\/revisions\/78"}],"wp:featuredmedia":[{"embeddable":true,"href":"https:\/\/hdiglobal.vn\/index.php\/wp-json\/wp\/v2\/media\/72"}],"wp:attachment":[{"href":"https:\/\/hdiglobal.vn\/index.php\/wp-json\/wp\/v2\/media?parent=51"}],"curies":[{"name":"wp","href":"https:\/\/api.w.org\/{rel}","templated":true}]}}